{"id":6,"date":"2023-09-08T08:41:41","date_gmt":"2023-09-08T06:41:41","guid":{"rendered":"https:\/\/biotvb.alwaysdata.net\/?page_id=6"},"modified":"2025-09-10T08:26:56","modified_gmt":"2025-09-10T06:26:56","slug":"accueil","status":"publish","type":"page","link":"https:\/\/www.biot-volley.fr\/","title":{"rendered":"Biot VB"},"content":{"rendered":"<div class=\"cbo-section\">\n\n\n<p class=\"has-medium-font-size\">Cr\u00e9\u00e9e en ao\u00fbt 2020, l\u2019association <strong>Biot Volleyball<\/strong> s&rsquo;est donn\u00e9e pour objectif de promouvoir le volley-ball au sein de la commune de Biot et ses alentours, afin d&rsquo;accompagner des \u00e9quipes en championnat, ainsi qu\u2019initier des personnes \u00e0 ce sport dans un cadre loisir sans championnat.<\/p>\n\n\n<\/div>\n<div class=\"cbo-section cbo-section-highlighted\">\n\n\n<h2 class=\"wp-block-heading\">Derniers articles<\/h2>\n\n\n\n<div class=\"wp-block-group is-layout-constrained wp-block-group-is-layout-constrained\"><div class=\"wp-block-group__inner-container\"><ul class=\"wp-block-latest-posts__list wp-block-latest-posts\"><li><a class=\"wp-block-latest-posts__post-title\" href=\"https:\/\/www.biot-volley.fr\/index.php\/2025\/06\/12\/equipe-6x6\/\">Equipe 6&#215;6<\/a><div class=\"wp-block-latest-posts__post-excerpt\">Les CakeChoz L&rsquo;\u00e9quipe 6&#215;6 continue de gravir les \u00e9chelons, ann\u00e9e apr\u00e8s ann\u00e9e, de mani\u00e8re constante. Compos\u00e9e pour sa premi\u00e8re ann\u00e9e de quasi-d\u00e9butants (pour ce qui est du volley en comp\u00e9tition) &#8230;<\/div><\/li>\n<li><a class=\"wp-block-latest-posts__post-title\" href=\"https:\/\/www.biot-volley.fr\/index.php\/2025\/06\/02\/les-cookies\/\">Les Cookies<\/a><div class=\"wp-block-latest-posts__post-excerpt\">Les Cookies Les Cookies, ce sont les membres du groupe loisirs sans championnat mais avec entrainement le lundi soir. Sous la houlette de C\u00e9dric et de ses exercices, ils progressent &#8230;<\/div><\/li>\n<li><a class=\"wp-block-latest-posts__post-title\" href=\"https:\/\/www.biot-volley.fr\/index.php\/2024\/12\/13\/resultats-semaine-09-12\/\">R\u00e9sultats semaine 09\/12<\/a><div class=\"wp-block-latest-posts__post-excerpt\">Une 4&#215;4 qui assure la poule Excellence et la 6&#215;6 qui assure ses arri\u00e8res. 4&#215;4 Brassage Deux matchs \u00e0 jouer pour la Fayateam cette semaine.Premier match contre ASLM \u00e0 domicile. &#8230;<\/div><\/li>\n<\/ul><\/div><\/div>\n\n\n\n<p class=\"all-articles\"><a href=\"https:\/\/www.biot-volley.fr\/index.php\/articles\/\" data-type=\"page\" data-id=\"9\">&gt;&gt; Consulter tous les articles<\/a><\/p>\n\n\n\n<hr class=\"wp-block-separator has-alpha-channel-opacity\"\/>\n\n\n\n<h2 class=\"wp-block-heading\">Nos \u00e9quipes<\/h2>\n\n\n\n<div class=\"wp-block-columns is-layout-flex wp-container-core-columns-layout-1 wp-block-columns-is-layout-flex\">\n<div class=\"wp-block-column is-layout-flow wp-block-column-is-layout-flow\">\n<h3 class=\"wp-block-heading\">Loisirs sans championnat<\/h3>\n\n\n\n<p>Team cookies<\/p>\n\n\n\n<figure class=\"wp-block-image size-full\"><img loading=\"lazy\" decoding=\"async\" width=\"1141\" height=\"856\" src=\"https:\/\/www.biot-volley.fr\/wp-content\/uploads\/2024\/12\/cookies-2024.jpg\" alt=\"\" class=\"wp-image-326\" srcset=\"https:\/\/www.biot-volley.fr\/wp-content\/uploads\/2024\/12\/cookies-2024.jpg 1141w, https:\/\/www.biot-volley.fr\/wp-content\/uploads\/2024\/12\/cookies-2024-300x225.jpg 300w, https:\/\/www.biot-volley.fr\/wp-content\/uploads\/2024\/12\/cookies-2024-1024x768.jpg 1024w, https:\/\/www.biot-volley.fr\/wp-content\/uploads\/2024\/12\/cookies-2024-768x576.jpg 768w\" sizes=\"(max-width: 1141px) 100vw, 1141px\" \/><\/figure>\n<\/div>\n\n\n\n<div class=\"wp-block-column is-layout-flow wp-block-column-is-layout-flow\">\n<h3 class=\"wp-block-heading\">Groupe du vendredi<\/h3>\n\n\n\n<p>\u00a0Les Robinsons<\/p>\n\n\n\n<figure class=\"wp-block-image size-full\"><img loading=\"lazy\" decoding=\"async\" width=\"960\" height=\"720\" src=\"https:\/\/www.biot-volley.fr\/wp-content\/uploads\/2024\/12\/vendredi-2024.jpg\" alt=\"\" class=\"wp-image-325\" srcset=\"https:\/\/www.biot-volley.fr\/wp-content\/uploads\/2024\/12\/vendredi-2024.jpg 960w, https:\/\/www.biot-volley.fr\/wp-content\/uploads\/2024\/12\/vendredi-2024-300x225.jpg 300w, https:\/\/www.biot-volley.fr\/wp-content\/uploads\/2024\/12\/vendredi-2024-768x576.jpg 768w\" sizes=\"(max-width: 960px) 100vw, 960px\" \/><\/figure>\n<\/div>\n<\/div>\n\n\n\n<div class=\"wp-block-columns is-layout-flex wp-container-core-columns-layout-2 wp-block-columns-is-layout-flex\">\n<div class=\"wp-block-column is-layout-flow wp-block-column-is-layout-flow\">\n<h3 class=\"wp-block-heading\">Loisirs 6&#215;6<\/h3>\n\n\n\n<p>Team cakechose<\/p>\n\n\n\n<figure class=\"wp-block-image size-full\"><img loading=\"lazy\" decoding=\"async\" width=\"788\" height=\"551\" src=\"https:\/\/www.biot-volley.fr\/wp-content\/uploads\/2024\/01\/cakchose.jpg\" alt=\"\" class=\"wp-image-141\" srcset=\"https:\/\/www.biot-volley.fr\/wp-content\/uploads\/2024\/01\/cakchose.jpg 788w, https:\/\/www.biot-volley.fr\/wp-content\/uploads\/2024\/01\/cakchose-300x210.jpg 300w, https:\/\/www.biot-volley.fr\/wp-content\/uploads\/2024\/01\/cakchose-768x537.jpg 768w\" sizes=\"(max-width: 788px) 100vw, 788px\" \/><\/figure>\n<\/div>\n\n\n\n<div class=\"wp-block-column is-layout-flow wp-block-column-is-layout-flow\">\n<h3 class=\"wp-block-heading\">Loisirs 4&#215;4<\/h3>\n\n\n\n<p>Fayateam<\/p>\n\n\n\n<figure class=\"wp-block-image size-full\"><img loading=\"lazy\" decoding=\"async\" width=\"1361\" height=\"1021\" src=\"https:\/\/www.biot-volley.fr\/wp-content\/uploads\/2024\/02\/IMG-20240213-WA0006.jpg\" alt=\"\" class=\"wp-image-235\" srcset=\"https:\/\/www.biot-volley.fr\/wp-content\/uploads\/2024\/02\/IMG-20240213-WA0006.jpg 1361w, https:\/\/www.biot-volley.fr\/wp-content\/uploads\/2024\/02\/IMG-20240213-WA0006-300x225.jpg 300w, https:\/\/www.biot-volley.fr\/wp-content\/uploads\/2024\/02\/IMG-20240213-WA0006-1024x768.jpg 1024w, https:\/\/www.biot-volley.fr\/wp-content\/uploads\/2024\/02\/IMG-20240213-WA0006-768x576.jpg 768w\" sizes=\"(max-width: 1361px) 100vw, 1361px\" \/><\/figure>\n<\/div>\n<\/div>\n\n\n<\/div>\n<div class=\"cbo-section\">\u00a0<\/div>\n\n\n<h3>Prochains matches \/ derniers r\u00e9sultats<\/h3>\n<iframe height=\"300\" frameborder=\"0\" marginheight=\"0\" marginwidth=\"0\" src=\"https:\/\/chboulet.alwaysdata.net\/share\/XMyz71af?context=no-header\" style=\"display: block; width: 100%; margin: 0 auto; max-width: 800px\"><\/iframe>\n\n\n<\/div>\n<div class=\"cbo-section cbo-section-highlighted\">\n\n\n<h2 class=\"wp-block-heading\">Nous contacter<\/h2>\n\n\n\n<p>C\u00e9dric, pr\u00e9sident de l&rsquo;association et entraineur du groupe sans championnat : \u260e 06 <script>document.write('27 43 ');document.write('60 7');document.write(4);<\/script><\/p>\n\n\n\n<p>Ou par mail \ud83d\udce7 <script>document.write('<a href=\"mail');document.write('to:biot.volleyball');document.write('@gma');document.write('il.');document.write('com\">biot.volleyball');document.write('@gma');document.write('il.com<\/a>');<\/script>, ou via notre <a href=\"https:\/\/www.facebook.com\/biotvb\/\"><\/a><a href=\"https:\/\/www.facebook.com\/biotvb\/\">page Facebook<\/a><\/p>\n\n\n<\/div>\n<div class=\"cbo-section\">\n\n\n<h2 class=\"wp-block-heading\">Nos soutiens<\/h2>\n\n\n\n<div class=\"wp-block-columns is-layout-flex wp-container-core-columns-layout-3 wp-block-columns-is-layout-flex\">\n<div class=\"wp-block-column is-layout-flow wp-block-column-is-layout-flow\">\n<p><a href=\"https:\/\/www.facebook.com\/GreenKingPub\" data-type=\"link\" data-id=\"https:\/\/www.facebook.com\/GreenKingPub\">Le Green<\/a>, brasserie \u00e0 Sophia Antipolis<\/p>\n\n\n\n<figure class=\"wp-block-image size-full\"><img loading=\"lazy\" decoding=\"async\" width=\"670\" height=\"196\" src=\"https:\/\/biotvb.alwaysdata.net\/wp-content\/uploads\/2023\/09\/Logo-Green-2.0.png\" alt=\"\" class=\"wp-image-131\" srcset=\"https:\/\/www.biot-volley.fr\/wp-content\/uploads\/2023\/09\/Logo-Green-2.0.png 670w, https:\/\/www.biot-volley.fr\/wp-content\/uploads\/2023\/09\/Logo-Green-2.0-300x88.png 300w\" sizes=\"(max-width: 670px) 100vw, 670px\" \/><\/figure>\n<\/div>\n\n\n\n<div class=\"wp-block-column is-layout-flow wp-block-column-is-layout-flow\">\n<p>La mairie de <a href=\"https:\/\/www.biot.fr\/\" data-type=\"link\" data-id=\"https:\/\/www.biot.fr\/\">Biot<\/a><\/p>\n\n\n\n<figure class=\"wp-block-gallery has-nested-images columns-default is-cropped wp-block-gallery-1 is-layout-flex wp-block-gallery-is-layout-flex\">\n<figure class=\"wp-block-image size-full\"><img loading=\"lazy\" decoding=\"async\" width=\"180\" height=\"72\" src=\"https:\/\/www.biot-volley.fr\/wp-content\/uploads\/2023\/09\/logo-ville-biot.png\" alt=\"\" class=\"wp-image-130\"\/><\/figure>\n<\/figure>\n<\/div>\n\n\n\n<div class=\"wp-block-column is-layout-flow wp-block-column-is-layout-flow\"><\/div>\n<\/div>\n\n\n<\/div>\n<div class=\"cbo-section cbo-section-highlighted\">\n\n\n<h2 class=\"wp-block-heading\">Nos cr\u00e9neaux<\/h2>\n\n\n\n<div class=\"wp-block-columns is-layout-flex wp-container-core-columns-layout-4 wp-block-columns-is-layout-flex\">\n<div class=\"wp-block-column is-layout-flow wp-block-column-is-layout-flow\">\n<h3 class=\"wp-block-heading\">Quand ?<\/h3>\n\n\n\n<ul>\n<li>Le lundi soir de 20h15 \u00e0 22h30<\/li>\n\n\n\n<li>Le vendredi soir de 20h30 \u00e0 22h30<\/li>\n<\/ul>\n<\/div>\n\n\n\n<div class=\"wp-block-column is-layout-flow wp-block-column-is-layout-flow\">\n<h3 class=\"wp-block-heading\">O\u00f9 ?<\/h3>\n\n\n\n<p>Au <a href=\"https:\/\/mapgician.com\/fr\/maps\/r9QjyA6G8ghe\/gymnase-de-l-eganaude\">gymnase de l&rsquo;Eganaude<\/a> \u00e0 Sophia Antipolis<\/p>\n<\/div>\n<\/div>\n\n\n<\/div>","protected":false},"excerpt":{"rendered":"<p>Cr\u00e9\u00e9e en ao\u00fbt 2020, l\u2019association Biot Volleyball s&rsquo;est donn\u00e9e pour objectif de promouvoir le volley-ball au sein de la commune de Biot et ses alentours, afin d&rsquo;accompagner des \u00e9quipes en &#8230;<\/p>\n","protected":false},"author":1,"featured_media":363,"parent":0,"menu_order":0,"comment_status":"closed","ping_status":"closed","template":"","meta":{"footnotes":""},"_links":{"self":[{"href":"https:\/\/www.biot-volley.fr\/index.php\/wp-json\/wp\/v2\/pages\/6"}],"collection":[{"href":"https:\/\/www.biot-volley.fr\/index.php\/wp-json\/wp\/v2\/pages"}],"about":[{"href":"https:\/\/www.biot-volley.fr\/index.php\/wp-json\/wp\/v2\/types\/page"}],"author":[{"embeddable":true,"href":"https:\/\/www.biot-volley.fr\/index.php\/wp-json\/wp\/v2\/users\/1"}],"replies":[{"embeddable":true,"href":"https:\/\/www.biot-volley.fr\/index.php\/wp-json\/wp\/v2\/comments?post=6"}],"version-history":[{"count":53,"href":"https:\/\/www.biot-volley.fr\/index.php\/wp-json\/wp\/v2\/pages\/6\/revisions"}],"predecessor-version":[{"id":343,"href":"https:\/\/www.biot-volley.fr\/index.php\/wp-json\/wp\/v2\/pages\/6\/revisions\/343"}],"wp:featuredmedia":[{"embeddable":true,"href":"https:\/\/www.biot-volley.fr\/index.php\/wp-json\/wp\/v2\/media\/363"}],"wp:attachment":[{"href":"https:\/\/www.biot-volley.fr\/index.php\/wp-json\/wp\/v2\/media?parent=6"}],"curies":[{"name":"wp","href":"https:\/\/api.w.org\/{rel}","templated":true}]}}